{"id":236332,"date":"2022-01-05T13:07:11","date_gmt":"2022-01-05T12:07:11","guid":{"rendered":"http:\/\/advfink.dk\/forside\/"},"modified":"2022-01-06T08:55:23","modified_gmt":"2022-01-06T07:55:23","slug":"forside","status":"publish","type":"page","link":"https:\/\/advfink.dk\/de\/","title":{"rendered":"Forside"},"content":{"rendered":"<p>[et_pb_section fb_built=&#8220;1&#8243; custom_padding_last_edited=&#8220;on|phone&#8220; _builder_version=&#8220;4.10.6&#8243; _module_preset=&#8220;default&#8220; background_color=&#8220;rgba(255,255,255,0.5)&#8220; background_image=&#8220;http:\/\/advfink.dk\/wp-content\/uploads\/2021\/08\/Fink-hus-forside.jpg&#8220; background_position=&#8220;bottom_center&#8220; custom_padding=&#8220;250px||250px||false|false&#8220; custom_padding_tablet=&#8220;&#8220; custom_padding_phone=&#8220;0px||0px||false|false&#8220; custom_css_main_element=&#8220;min-height: calc(100vh &#8211; 104px);||display: flex;||flex-direction: column;&#8220; global_colors_info=&#8220;{}&#8220;][\/et_pb_section][et_pb_section fb_built=&#8220;1&#8243; _builder_version=&#8220;4.9.1&#8243; _module_preset=&#8220;default&#8220; background_color=&#8220;#e8edf1&#8243; global_colors_info=&#8220;{}&#8220;][et_pb_row column_structure=&#8220;1_2,1_2&#8243; make_equal=&#8220;on&#8220; _builder_version=&#8220;4.9.1&#8243; _module_preset=&#8220;default&#8220; global_colors_info=&#8220;{}&#8220;][et_pb_column type=&#8220;1_2&#8243; _builder_version=&#8220;4.9.1&#8243; _module_preset=&#8220;default&#8220; custom_css_main_element=&#8220;margin: auto;&#8220; global_colors_info=&#8220;{}&#8220;][et_pb_text _builder_version=&#8220;4.9.3&#8243; _module_preset=&#8220;default&#8220; text_text_color=&#8220;#000000&#8243; header_font=&#8220;|300||on|||||&#8220; header_text_color=&#8220;#265776&#8243; header_2_font=&#8220;|||on|||||&#8220; header_2_text_color=&#8220;#000000&#8243; header_2_font_size=&#8220;20px&#8220; global_colors_info=&#8220;{}&#8220;]<\/p>\n<h1>Anwaltskanzlei in Aabenraa, D\u00e4nemark<\/h1>\n<h2>&#8211; gegr\u00fcndet 1921<\/h2>\n<p class=\"mobile-undersized-upper\"><span class=\"textnormal mobile-undersized-upper\"><br \/>Die Anwaltskanzlei Fink wurde 1921 vom Obergerichtsanwalt Holger Boeck gegr\u00fcndet und ist damit wahrscheinlich die \u00e4lteste Anwaltskanzlei in Aabenraa. 1956 \u00fcbernahm Bezirksstaatsanwalt Poul Fink die Firma. Die Firma war damals in Storegade untergebracht. 1963 verlegte Poul Fink die Firma nach Klinkbjerg 1, wo wir noch heute unser B\u00fcro in einem denkmalgesch\u00fctzten alten Lebensmittelhof aus dem Jahr 1752 haben.<\/span><\/p>\n<p>[\/et_pb_text][et_pb_button button_url=&#8220;\/de\/ueber-uns\/&#8220; button_text=&#8220;Weiterlesen&#8220; _builder_version=&#8220;4.14.4&#8243; _module_preset=&#8220;default&#8220; custom_margin_tablet=&#8220;||30px||false|false&#8220; custom_margin_phone=&#8220;&#8220; custom_margin_last_edited=&#8220;on|desktop&#8220; hover_enabled=&#8220;0&#8243; global_colors_info=&#8220;{}&#8220; sticky_enabled=&#8220;0&#8243;][\/et_pb_button][\/et_pb_column][et_pb_column type=&#8220;1_2&#8243; _builder_version=&#8220;4.9.1&#8243; _module_preset=&#8220;default&#8220; global_colors_info=&#8220;{}&#8220;][et_pb_image src=&#8220;http:\/\/advfink.dk\/wp-content\/uploads\/2021\/08\/Fink-bygning4-1024&#215;683.jpg&#8220; alt=&#8220;Anwaltskanzlei in Aabenraa, D\u00e4nemark&#8220; title_text=&#8220;Advokatfirmaet Finks kontor i Aabenraa&#8220; _builder_version=&#8220;4.10.6&#8243; _module_preset=&#8220;default&#8220; global_colors_info=&#8220;{}&#8220;][\/et_pb_image][\/et_pb_column][\/et_pb_row][\/et_pb_section][et_pb_section fb_built=&#8220;1&#8243; disabled_on=&#8220;on|on|on&#8220; _builder_version=&#8220;4.10.7&#8243; _module_preset=&#8220;default&#8220; disabled=&#8220;on&#8220; locked=&#8220;off&#8220; global_colors_info=&#8220;{}&#8220;][et_pb_row column_structure=&#8220;1_4,3_4&#8243; make_equal=&#8220;on&#8220; _builder_version=&#8220;4.9.3&#8243; _module_preset=&#8220;default&#8220; custom_padding=&#8220;0px||0px|||&#8220; global_colors_info=&#8220;{}&#8220;][et_pb_column type=&#8220;1_4&#8243; _builder_version=&#8220;4.9.3&#8243; _module_preset=&#8220;default&#8220; global_colors_info=&#8220;{}&#8220;][et_pb_image src=&#8220;http:\/\/advfink.dk\/wp-content\/uploads\/2021\/06\/58A1341.jpg&#8220; title_text=&#8220;_58A1341&#8243; _builder_version=&#8220;4.9.11&#8243; _module_preset=&#8220;default&#8220; global_colors_info=&#8220;{}&#8220;][\/et_pb_image][\/et_pb_column][et_pb_column type=&#8220;3_4&#8243; _builder_version=&#8220;4.9.3&#8243; _module_preset=&#8220;default&#8220; custom_css_main_element=&#8220;margin: auto;\t&#8220; global_colors_info=&#8220;{}&#8220;][et_pb_text _builder_version=&#8220;4.9.11&#8243; _module_preset=&#8220;default&#8220; global_colors_info=&#8220;{}&#8220;]<\/p>\n<h2 class=\"entry-title\">Vi inviterer til reception<\/h2>\n<p class=\"textnormal\"><span class=\"published\">2. august 2021<\/span><\/p>\n<p class=\"post-meta\">Erik Steen Boe runder 70 \u00e5r til oktober og g\u00e5r p\u00e5 pension ved \u00e5rsskiftet, hvorfor Advokatfirmaet Fink inviterer til reception; fredag den 27. august 2021, fra kl. 13.00 til 17.00, p\u00e5 Klinkbjerg 1, 6200 Aabenraa.<\/p>\n<p>[\/et_pb_text][\/et_pb_column][\/et_pb_row][\/et_pb_section]<\/p>\n","protected":false},"excerpt":{"rendered":"<p>Anwaltskanzlei in Aabenraa, D\u00e4nemark &#8211; gegr\u00fcndet 1921 Die Anwaltskanzlei Fink wurde 1921 vom Obergerichtsanwalt Holger Boeck gegr\u00fcndet und ist damit wahrscheinlich die \u00e4lteste Anwaltskanzlei in Aabenraa. 1956 \u00fcbernahm Bezirksstaatsanwalt Poul Fink die Firma. Die Firma war damals in Storegade untergebracht. 1963 verlegte Poul Fink die Firma nach Klinkbjerg 1, wo wir noch heute unser B\u00fcro [&hellip;]<\/p>\n","protected":false},"author":1,"featured_media":0,"parent":0,"menu_order":-10,"comment_status":"closed","ping_status":"closed","template":"","meta":{"_seopress_robots_primary_cat":"","_seopress_titles_title":"Advokatfirmaet Fink - Ihr Anwalt in Aabenraa - Wir helfen Ihnen","_seopress_titles_desc":"Wir beraten unsere Mandanten in einem breiten Bereich, der sowohl Privat- als auch Gesch\u00e4ftskunden umfasst. Wir beraten unsere Mandanten in einem breiten Bereich, der sowohl Privat- als auch Gesch\u00e4ftskunden umfasst.","_seopress_robots_index":"","_et_pb_use_builder":"on","_et_pb_old_content":"","_et_gb_content_width":"","inline_featured_image":false,"footnotes":""},"class_list":["post-236332","page","type-page","status-publish","hentry"],"_links":{"self":[{"href":"https:\/\/advfink.dk\/de\/wp-json\/wp\/v2\/pages\/236332","targetHints":{"allow":["GET"]}}],"collection":[{"href":"https:\/\/advfink.dk\/de\/wp-json\/wp\/v2\/pages"}],"about":[{"href":"https:\/\/advfink.dk\/de\/wp-json\/wp\/v2\/types\/page"}],"author":[{"embeddable":true,"href":"https:\/\/advfink.dk\/de\/wp-json\/wp\/v2\/users\/1"}],"replies":[{"embeddable":true,"href":"https:\/\/advfink.dk\/de\/wp-json\/wp\/v2\/comments?post=236332"}],"version-history":[{"count":28,"href":"https:\/\/advfink.dk\/de\/wp-json\/wp\/v2\/pages\/236332\/revisions"}],"predecessor-version":[{"id":236410,"href":"https:\/\/advfink.dk\/de\/wp-json\/wp\/v2\/pages\/236332\/revisions\/236410"}],"wp:attachment":[{"href":"https:\/\/advfink.dk\/de\/wp-json\/wp\/v2\/media?parent=236332"}],"curies":[{"name":"wp","href":"https:\/\/api.w.org\/{rel}","templated":true}]}}